{"id":8,"date":"2026-03-31T12:28:34","date_gmt":"2026-03-31T12:28:34","guid":{"rendered":"http:\/\/192.168.1.55\/wordpress\/?page_id=8"},"modified":"2026-03-31T15:07:54","modified_gmt":"2026-03-31T13:07:54","slug":"pixelsammlung","status":"publish","type":"page","link":"https:\/\/riedgras.nas64.de\/wordpress\/pixelsammlung\/","title":{"rendered":"Pixelsammlung"},"content":{"rendered":"\n<p>Herzlich willkommen in meiner Galerie.<\/p>\n\n\n\n<p>Dies ist die Fortsetzung meines Blogs Riedgras.de auf meiner NAS zuhause. Diese Daten liegen bei mir, das Ger\u00e4t steht auf meinem Wohnzimmerschrank. Hier findet ihr vor\u00fcbergehend demn\u00e4chst meine neuesten Fotos. Roh, unbearbeitet, einfach so schnell wie m\u00f6glich. Sie wandern nach Bearbeitung weiter nach Flickr. Dort findet ihr sp\u00e4ter die fertige Galerie.<\/p>\n\n\n\n<p>Und nun, viel Spa\u00df!<\/p>\n\n\n\n<p class=\"has-luminous-vivid-orange-background-color has-background\">Derzeit sind hier noch keine Bilder eingestellt. Sp\u00e4ter mehr!<\/p>\n","protected":false},"excerpt":{"rendered":"<p>Herzlich willkommen in meiner Galerie. Dies ist die Fortsetzung meines Blogs Riedgras.de auf meiner NAS zuhause. Diese Daten liegen bei mir, das Ger\u00e4t steht auf meinem Wohnzimmerschrank. Hier findet ihr vor\u00fcbergehend demn\u00e4chst meine neuesten Fotos. Roh, unbearbeitet, einfach so schnell wie m\u00f6glich. Sie wandern nach Bearbeitung weiter nach Flickr. Dort findet ihr sp\u00e4ter die fertige [&hellip;]<\/p>\n","protected":false},"author":1,"featured_media":14,"parent":0,"menu_order":0,"comment_status":"closed","ping_status":"closed","template":"","meta":{"footnotes":""},"class_list":["post-8","page","type-page","status-publish","has-post-thumbnail","hentry"],"_links":{"self":[{"href":"https:\/\/riedgras.nas64.de\/wordpress\/wp-json\/wp\/v2\/pages\/8","targetHints":{"allow":["GET"]}}],"collection":[{"href":"https:\/\/riedgras.nas64.de\/wordpress\/wp-json\/wp\/v2\/pages"}],"about":[{"href":"https:\/\/riedgras.nas64.de\/wordpress\/wp-json\/wp\/v2\/types\/page"}],"author":[{"embeddable":true,"href":"https:\/\/riedgras.nas64.de\/wordpress\/wp-json\/wp\/v2\/users\/1"}],"replies":[{"embeddable":true,"href":"https:\/\/riedgras.nas64.de\/wordpress\/wp-json\/wp\/v2\/comments?post=8"}],"version-history":[{"count":4,"href":"https:\/\/riedgras.nas64.de\/wordpress\/wp-json\/wp\/v2\/pages\/8\/revisions"}],"predecessor-version":[{"id":18,"href":"https:\/\/riedgras.nas64.de\/wordpress\/wp-json\/wp\/v2\/pages\/8\/revisions\/18"}],"wp:featuredmedia":[{"embeddable":true,"href":"https:\/\/riedgras.nas64.de\/wordpress\/wp-json\/wp\/v2\/media\/14"}],"wp:attachment":[{"href":"https:\/\/riedgras.nas64.de\/wordpress\/wp-json\/wp\/v2\/media?parent=8"}],"curies":[{"name":"wp","href":"https:\/\/api.w.org\/{rel}","templated":true}]}}